{"id":39,"date":"2023-03-31T15:11:09","date_gmt":"2023-03-31T13:11:09","guid":{"rendered":"http:\/\/konkurs.wmn.poznan.pl\/?page_id=39"},"modified":"2023-09-27T16:12:57","modified_gmt":"2023-09-27T14:12:57","slug":"39-2","status":"publish","type":"page","link":"https:\/\/konkurs.wmn.poznan.pl\/?page_id=39","title":{"rendered":""},"content":{"rendered":"\n<figure class=\"wp-block-image alignright is-resized\"><a href=\"https:\/\/konkurs.wmn.poznan.pl\"><img loading=\"lazy\" decoding=\"async\" src=\"https:\/\/upload.wikimedia.org\/wikipedia\/commons\/thumb\/e\/e9\/Flag_of_Poland_%28normative%29.svg\/250px-Flag_of_Poland_%28normative%29.svg.png\" alt=\"Flaga Polski \u2013 Wikipedia, wolna encyklopedia\" style=\"width:63px;height:39px\" width=\"63\" height=\"39\"\/><\/a><\/figure>\n\n\n\n<figure class=\"wp-block-image alignwide size-full has-custom-border is-style-default\"><img loading=\"lazy\" decoding=\"async\" width=\"2475\" height=\"858\" src=\"https:\/\/konkurs.wmn.poznan.pl\/wp-content\/uploads\/2023\/03\/Obraz1.jpg\" alt=\"\" class=\"wp-image-18\" style=\"border-radius:3px\" srcset=\"https:\/\/konkurs.wmn.poznan.pl\/wp-content\/uploads\/2023\/03\/Obraz1.jpg 2475w, https:\/\/konkurs.wmn.poznan.pl\/wp-content\/uploads\/2023\/03\/Obraz1-300x104.jpg 300w, https:\/\/konkurs.wmn.poznan.pl\/wp-content\/uploads\/2023\/03\/Obraz1-1024x355.jpg 1024w, https:\/\/konkurs.wmn.poznan.pl\/wp-content\/uploads\/2023\/03\/Obraz1-768x266.jpg 768w, https:\/\/konkurs.wmn.poznan.pl\/wp-content\/uploads\/2023\/03\/Obraz1-1536x532.jpg 1536w, https:\/\/konkurs.wmn.poznan.pl\/wp-content\/uploads\/2023\/03\/Obraz1-2048x710.jpg 2048w\" sizes=\"auto, (max-width: 2475px) 100vw, 2475px\" \/><\/figure>\n\n\n\n<div class=\"wp-block-group alignfull has-text-color has-background is-layout-flow wp-block-group-is-layout-flow\" style=\"color:#000000;background-color:#ffffff\">\n<div style=\"height:64px\" aria-hidden=\"true\" class=\"wp-block-spacer\"><\/div>\n<\/div>\n\n\n\n<h1 class=\"wp-block-heading alignwide has-text-align-center\" style=\"text-transform:uppercase\"><strong>The Contest for the artistic and spatial concept for the permanent exhibition of the <\/strong><\/h1>\n\n\n\n<h1 class=\"wp-block-heading alignwide has-text-align-center\" style=\"text-transform:uppercase\"><strong>new Museum of Wielkopolska Uprising 1918 &#8211; 1919 in Pozna\u0144<\/strong><\/h1>\n\n\n\n<p><\/p>\n\n\n\n<figure class=\"wp-block-image alignwide size-large has-custom-border is-style-default\"><img loading=\"lazy\" decoding=\"async\" width=\"1024\" height=\"448\" src=\"https:\/\/konkurs.wmn.poznan.pl\/wp-content\/uploads\/2023\/03\/PARK-1024x448.jpg\" alt=\"\" class=\"wp-image-27\" style=\"border-width:3px;border-radius:3px\" srcset=\"https:\/\/konkurs.wmn.poznan.pl\/wp-content\/uploads\/2023\/03\/PARK-1024x448.jpg 1024w, https:\/\/konkurs.wmn.poznan.pl\/wp-content\/uploads\/2023\/03\/PARK-300x131.jpg 300w, https:\/\/konkurs.wmn.poznan.pl\/wp-content\/uploads\/2023\/03\/PARK-768x336.jpg 768w, https:\/\/konkurs.wmn.poznan.pl\/wp-content\/uploads\/2023\/03\/PARK-1536x672.jpg 1536w, https:\/\/konkurs.wmn.poznan.pl\/wp-content\/uploads\/2023\/03\/PARK-2048x896.jpg 2048w\" sizes=\"auto, (max-width: 1024px) 100vw, 1024px\" \/><\/figure>\n\n\n\n<p style=\"font-size:clamp(17.905px, 1.119rem + ((1vw - 3.2px) * 1.147), 28px);font-style:normal;font-weight:500;text-transform:uppercase\"><strong>The English-language Terms and Conditions provide at the website are only informative material. In the event of any uncertainty, the Polish-language version is considered to be the binding version.<\/strong><\/p>\n\n\n\n<p>Publication date: 31.03.2023<\/p>\n\n\n\n<p>The Wielkopolska Museum of Independence, based at ul. Wo\u017ana 12, 61-777 in Pozna\u0144 invites you to participate in the Contest for the development of the artistic and spatial concept for the permanent exhibition of the Museum of Wielkopolska Uprising 1918-1919 in Pozna\u0144. Interested parties are invited to submit applications for the Contest by <strong>May 12, 2023<\/strong>. The Contest deadline for submitting entries is<strong> August 25, 2023<\/strong>.<\/p>\n\n\n\n<p><strong>The grand prize is PLN 50,000.<\/strong> The total prize pool is PLN 108,000. The Principal will negotiate with the Contest Participant whose Contest entry is selected as the best, the possibility of granting to the Participant a single-source procurement procedure for the development of the full exhibition design documentation. <strong>The maximum remuneration of the winning Contest Participant for the execution of the subject of the procurement is PLN 4,000,000.<\/strong><\/p>\n\n\n\n<p>The theme of the exhibition of the new Museum of the Wielkopolska Uprising 1918-1919 in Pozna\u0144 is the following slogan:&nbsp;<strong>&#8220;Everyday work, Victory in moments of trial.&#8221;&nbsp;<\/strong>The Contest aims to select from among the submitted works the concept that most completely meets the substantive, narrative, aesthetic, artistic, programmatic, functional and utilitarian objectives of the Organizer. The permanent exhibition will be housed in the institution&#8217;s new main building, which will be built on the slopes of the St. Wojciech&#8217;s Hill in Pozna\u0144. The permanent exhibition will be located on level -2.<\/p>\n\n\n\n<p><strong>The Contest Participants prepare four tasks:<\/strong><\/p>\n\n\n\n<ol class=\"wp-block-list\" type=\"a\" start=\"1\">\n<li>Overall artistic and spatial concept<\/li>\n\n\n\n<li>Detailed artistic and spatial concept of the two indicated themes<\/li>\n\n\n\n<li>Visual and spatial concept of the central space<\/li>\n\n\n\n<li>Display solutions for two designated historical events<\/li>\n<\/ol>\n\n\n\n<p>The Contest Jury was established to conduct the Contest, in the composition of:&nbsp;<\/p>\n\n\n\n<p><strong>Chairman of the Jury:<\/strong>&nbsp;<\/p>\n\n\n\n<p>Robert Supe\u0142 &#8211; Chairman of the Contest Jury&nbsp;<\/p>\n\n\n\n<p><strong>Vice-Chairman of the Jury:<\/strong>&nbsp;<\/p>\n\n\n\n<p>Sebastian Tyrakowski &#8211; deputy director of the Emigration Museum in Gdynia&nbsp;<\/p>\n\n\n\n<p><strong>Reporting Judges:<\/strong>&nbsp;<\/p>\n\n\n\n<p>Rafa\u0142 G\u00f3rczy\u0144ski, Ph.D., &#8211; Professor of the University of Arts in Pozna\u0144<\/p>\n\n\n\n<p>Agnieszka Kuchci\u0144ska-Kurcz &#8211; Branch Manager of the Centrum Dialogu Prze\u0142omy \/ National Museum in Szczecin<\/p>\n\n\n\n<p>Architect Szczepan Wro\u0144ski &#8211; WXCA (designer of the New Museum building)&nbsp;<\/p>\n\n\n\n<p>Dr. Piotr Grzelczak &#8211; co-author of the exhibition scenario, IPN Historical Research Office Branch in Pozna\u0144, &#8220;Chronicle of Poznan City\u201d<\/p>\n\n\n\n<p><strong>Members:<\/strong>&nbsp;<\/p>\n\n\n\n<p>Andrzej Betlej, Ph.D., Professor of the Jagiellonian University &#8211; Director of the Wawel Royal Castle<\/p>\n\n\n\n<p>Tomasz \u0141\u0119cki &#8211; Director of the National Museum in Pozna\u0144<\/p>\n\n\n\n<p>Dr. Justyna Makowska &#8211; Director of the Department of Culture of the Pozna\u0144 City Hall<\/p>\n\n\n\n<p>W\u0142odzimierz Mazurkiewicz &#8211; Director of the Department of Culture of the Marshal&#8217;s Office of the Wielkopolska Region.<\/p>\n\n\n\n<p>Przemys\u0142aw Terlecki &#8211; Director of the Wielkopolska Museum of Independence<\/p>\n\n\n\n<p><strong>Organizing Secretary of the Contest<\/strong>, acting as Secretary of the Contest Jury: Katarzyna Andrzejewska &#8211; non-voting.<\/p>\n\n\n\n<p><strong>Detailed schedule of the Contest:<\/strong><\/p>\n\n\n\n<figure class=\"wp-block-table\"><table><tbody><tr><td><strong>Activities&nbsp;<\/strong><\/td><td><strong>By<\/strong><\/td><\/tr><tr><td>The Contest Announcement.<\/td><td>31.03.2023 r.<\/td><\/tr><tr><td>Deadline for requests for clarification of the Terms and Conditions.<\/td><td>08.05.2023 r.<\/td><\/tr><tr><td>Deadline for clarification of the content of the Terms and Conditions.<\/td><td>10.05.2023 r.<\/td><\/tr><tr><td>Deadline for submitting applications to participate in the Contest.<\/td><td>12.05.2023 until 11:59 pm<\/td><\/tr><tr><td>Informing of qualification for further participation in the Contest.<\/td><td>26.05.2023 r.<\/td><\/tr><tr><td>Deadline for submission of the contest work.<\/td><td>25.08.2023 until 3:00 pm<\/td><\/tr><tr><td>Jury work on the evaluation of the contest works.<\/td><td>28.08.2023 \u2013 15.09.2023 r.<\/td><\/tr><tr><td>Announcement of the Contest results, discussion and opening of the exhibition of contest works.<\/td><td>15.09.2023 r.<\/td><\/tr><tr><td>The planned (maximum) date for inviting the author of the winning entry to negotiate a single-source procurement procedure for the provision of the service indicated in Section 3.7 of the Terms and Conditions.<\/td><td>25.10.2023 r.<\/td><\/tr><tr><td>Approximate date of completion of the service indicated in Section 3.7 of the Terms and Conditions by the author of the winning entry.<\/td><td>10.12.2024 r.<\/td><\/tr><tr><td>Approximate deadline for the author&#8217;s supervision service indicated in Section 3.7 of the Terms and Conditions by the author of the winning entry.<\/td><td>31.10.2030 r.<\/td><\/tr><\/tbody><\/table><\/figure>\n\n\n<p class=\"has-text-align-center has-large-font-size\" style=\"font-style: normal; font-weight: 600; text-transform: uppercase; text-align: center;\"><strong>INFORMATION ABOUT THE RESULTS OF THE COMPETITION<\/strong><\/p>\n\n\n<center><p><a href=\"https:\/\/konkurs.wmn.poznan.pl\/wp-content\/uploads\/2023\/09\/Informacja-o-rozstrzygnieciu-konkursu.pdf\">INFORMATION ABOUT THE RESULTS OF THE COMPETITION<\/a><\/center><\/p>\n\n\n\n<p class=\"has-text-align-center has-large-font-size\" style=\"font-style:normal;font-weight:600\"><strong>CHANGE<\/strong><\/p>\n\n\n\n<center><p><a href=\"https:\/\/konkurs.wmn.poznan.pl\/wp-content\/uploads\/2023\/04\/oswiadczenie_zamawiajacego_18.04.2023-1.pdf\">STATEMENT<\/a><p><\/center>\n<center><p><a href=\"https:\/\/konkurs.wmn.poznan.pl\/wp-content\/uploads\/2023\/05\/Oswiadczenie_z_dnia_10.05.2023.pdf\">STATEMENT 10.05.2023<\/a><p><\/center>\n\n<center><p><a href=\"https:\/\/konkurs.wmn.poznan.pl\/wp-content\/uploads\/2023\/05\/Oswiadczenie-zamawiajacego-_12.05.2023.pdf\">STATEMENT 12.05.2023<\/a><p><\/center>\n<center><p><a href=\"https:\/\/konkurs.wmn.poznan.pl\/wp-content\/uploads\/2023\/05\/Zalacznik_do_oswiadczenia_z_12.05.2023.pdf\">ANNEX TO THE STATEMENT 12.05.2023<\/a><p><\/center>\n\n<center><p><a href=\"https:\/\/konkurs.wmn.poznan.pl\/wp-content\/uploads\/2023\/05\/Informacja-w-sprawie-ujednolicenia-tresci-dokumentow-z-19.05.2023.pdf\">INFORMATION ON THE UNIFORM CONTENT OF DOCUMENTS OF 19\/05\/2023<\/a><p><\/center>\n\n<center><p>\n<a href=\"https:\/\/konkurs.wmn.poznan.pl\/wp-content\/uploads\/2023\/07\/Image210723142745.pdf\">INFORMATION ON THE UNIFORM CONTENT OF DOCUMENTS OF 21\/07\/2023<\/a><\/p>\n<\/center>\n\n\n\n<p><\/p>\n\n\n\n<p class=\"has-text-align-center has-large-font-size\"><strong>Answers to questions 1 and 2 of April 27, 2023<\/strong><\/p>\n\n\n\n<p><\/p>\n\n\n\n<center><p><a href=\"https:\/\/konkurs.wmn.poznan.pl\/wp-content\/uploads\/2023\/04\/Odpowiedzi_na_pytania_27.04.2023.pdf\">Answers to questions 1 and 2 <\/a><\/p><a href=\"https:\/\/konkurs.wmn.poznan.pl\/wp-content\/uploads\/2023\/05\/Odpowiedz-na-pytanie-nr-3-z-5.05.pdf\">Answers to questions 3<\/a><\/center>\n\n<center><p><a href=\"https:\/\/konkurs.wmn.poznan.pl\/wp-content\/uploads\/2023\/05\/Odpowiedzi-na-pytania-4-41-z-dnia-18.05.2023.pdf\">Answers to questions 4-41 of May 18, 2023<\/a><\/p>\n<a href=\"https:\/\/konkurs.wmn.poznan.pl\/wp-content\/uploads\/2023\/05\/Zalacznik_do_odpowiedzi_na_pytania_z_18.05.2023.pdf\">Attachment to the answers to the questions of May 18, 2023<\/a><\/center>\n<center><p><a href=\"https:\/\/konkurs.wmn.poznan.pl\/wp-content\/uploads\/2023\/08\/Odpowiedz-na-pytanie-1-z-9.08.2023-1.pdf\">Answers to questions of August 9,2023<\/a><\/center><center><\/p><p>\n\n<center><p><a href=\"https:\/\/konkurs.wmn.poznan.pl\/wp-content\/uploads\/2023\/08\/Odpowiedzi-na-pytania-z-11.08.2023.pdf\">Answers to questions of August 11.2023<\/a><\/center><center><\/p><p>\n\n<center><p><a href=\"https:\/\/konkurs.wmn.poznan.pl\/wp-content\/uploads\/2023\/08\/Odpowiedzi-na-pytania-z-21.08.2023.pdf\">Answers to questions of August 21.2023<\/a><\/center><center><\/p><p>\n\n<center><p><a href=\"https:\/\/konkurs.wmn.poznan.pl\/wp-content\/uploads\/2023\/08\/Odpowiedzi-na-pytania-z-24.08.pdf\">Answers to questions of August 24.2023<\/a><\/center><center><\/p><p>\n\n\n\n<p class=\"has-text-align-center has-large-font-size\" style=\"text-transform:uppercase\"><strong>downloads:<\/strong><\/p>\n\n\n\n<\/p><br><p><a href=\"https:\/\/konkurs.wmn.poznan.pl\/wp-content\/uploads\/2023\/04\/TERMS-AND-CONDITIONS-OF-COMPETITION.pdf\">TERMS AND CONDITIONS OF COMPETITION<\/a><\/p>\n\n<\/p><br><p><a href=\"https:\/\/konkurs.wmn.poznan.pl\/wp-content\/uploads\/2023\/04\/Attachment-A.1-APPLICATION-FOR-ADMISSION-TO-THE-COMPETITION.pdf\">ATTACHMENT A.1        APPLICATION FOR ADMISSION TO THE COMPETITION. <\/a><\/p>\n\n<\/p><br><p><a href=\"https:\/\/konkurs.wmn.poznan.pl\/wp-content\/uploads\/2023\/04\/Attachment-A.2-STATEMENT-ON-THE-PROVISION-OF-RESOURCES.pdf\">ATTACHMENT A.2        STATEMENT ON THE PROVISION OF RESOURCES.<\/a><\/p>\n\n<\/p><br><p><a href=\"https:\/\/konkurs.wmn.poznan.pl\/wp-content\/uploads\/2023\/04\/Attachment-A.3-IDENTIFICATION-CARD-OF-THE-SUBMITTED-COMPETITION-WORK.pdf\">ATTACHMENT A.3        IDENTIFICATION CARD OF THE SUBMITTED COMPETITION WORK.<\/a><\/p>\n\n<\/p><br><p><a href=\"https:\/\/konkurs.wmn.poznan.pl\/wp-content\/uploads\/2023\/04\/Attachment-A.4-RECEIPT-OF-THE-COMPETITION-WORK.pdf\">ATTACHMENT A.4        RECEIPT OF THE COMPETITION WORK.<\/a><\/p>\n<\/p><br><p><a href=\"https:\/\/konkurs.wmn.poznan.pl\/wp-content\/uploads\/2023\/04\/Attachment-A.5-LICENSE-AGREEMENT-FOR-THE-USE-OF-THE-COMPETITION-WORK.pdf \">ATTACHMENT A.5        LICENSE AGREEMENT FOR THE USE OF THE COMPETITION WORK.<\/a><\/p>\n<\/p><br><p><a href=\"https:\/\/konkurs.wmn.poznan.pl\/wp-content\/uploads\/2023\/04\/Attachment-A.5a-CO-AUTHORS-STATEMENT-CONFIRMING-THE-TRANSFER-OF-RIGHTS-TO-THE-COMPETITION-WORK.pdf\">ATTACHMENT A.5A      CO-AUTHOR&#8217;S STATEMENT CONFIRMING THE TRANSFER OF RIGHTS TO THE COMPETITION WORK. <\/a><\/p>\n<\/p><br><p><a href=\"https:\/\/konkurs.wmn.poznan.pl\/wp-content\/uploads\/2023\/04\/Attachment-A.5b-CONTRACT-OF-TRANSFER-OF-AUTHORS-PROPRIETARY-COPYRIGHTS-TO-THE-COMPETITION-WORK.pdf \">ATTACHMENT A.5B      CONTRACT OF TRANSFER OF AUTHOR&#8217;S PROPRIETARY COPYRIGHTS TO THE COMPETITION WORK.<\/a><\/p>\n\n<\/p><br><p><a href=\"https:\/\/konkurs.wmn.poznan.pl\/wp-content\/uploads\/2023\/04\/Attachment-A.6-CONTRACT-FOR-DESIGN-WORKS-2.pdf\">ATTACHMENT A.6        CONTRACT FOR DESIGN WORKS (PDF)<\/a><\/p>\n\n<\/p><br><p><a href=\"https:\/\/konkurs.wmn.poznan.pl\/wp-content\/uploads\/2023\/04\/Attachment-A.6-CONTRACT-FOR-DESIGN-WORKS-1.docx\">ATTACHMENT A.6        CONTRACT FOR DESIGN WORKS.<\/a><\/p>\n\n<\/p><br><p><a href=\"https:\/\/konkurs.wmn.poznan.pl\/wp-content\/uploads\/2023\/05\/Zalacznik-A.6-UMOWA-NA-PRACE-PROJEKTOWE-ujednolicony-z-dnia-19.05.2023.docx\">ANNEX A.6 AGREEMENT FOR DESIGN WORKS (unified) of May 19, 2023<\/a><\/p>\n<\/p><br><p><a href=\"https:\/\/konkurs.wmn.poznan.pl\/wp-content\/uploads\/2023\/05\/Zalacznik-A.6-UMOWA-NA-PRACE-PROJEKTOWE-ujednolicony-z-dnia-19.05.2023.pdf\">APPENDIX A.6 AGREEMENT FOR DESIGN WORKS (unified) of May 19, 2023 (PDF)<\/a><\/p>\n\n<\/p><br><p><a href=\"https:\/\/konkurs.wmn.poznan.pl\/wp-content\/uploads\/2023\/04\/Attachment-A.7-PRELIMINARY-COSTING-OF-THE-EXECUTION-OF-WORKS-PERFORMED-ON-THE-BASIS-OF-THE-COMPETITION-WORK.pdf\">ATTACHMENT A.7        PRELIMINARY COSTING OF THE EXECUTION OF WORKS PERFORMED ON THE BASIS OF THE COMPETITION WORK. <\/a><\/p>\n<\/p><br><p><a href=\"https:\/\/konkurs.wmn.poznan.pl\/wp-content\/uploads\/2023\/04\/Attachment-B.2-SCENARIO-OF-THE-PERMANENT-EXHIBITION-1.pdf\">ATTACHMENT B.2        SCENARIO OF THE PERMANENT EXHIBITION.<\/a><\/p>\n<\/p><br><p><a href=\"https:\/\/konkurs.wmn.poznan.pl\/wp-content\/uploads\/2023\/05\/ZalacznikB3.zip\">ATTACHMENT B.3        LIST OF EXHIBITS AND SUBSTANTIVE MATERIALS to be used for competition purposes   <\/a><\/p>\n<\/p><br><p><a href=\"https:\/\/konkurs.wmn.poznan.pl\/wp-content\/uploads\/B4.zip\">ATTACHMENT B.4        TECHNICAL DOCUMENTATION OF THE BUILDING OF THE MUSEUM OF WIELKOPOLSKA UPRISING.<\/a><\/p>\n\n\n\n<p class=\"has-text-align-center has-large-font-size\" style=\"text-transform:uppercase\"><strong>appeals:<\/strong><\/p>\n\n\n\n<center><p><a href=\"https:\/\/konkurs.wmn.poznan.pl\/wp-content\/uploads\/2023\/09\/zrzut-ekranu_identyfikacja-plikow.pdf\">Zrzut ekranu_identyfikacja plik\u00f3w<\/a><p><\/center>\n\n<center><p><a href=\"https:\/\/konkurs.wmn.poznan.pl\/wp-content\/uploads\/2023\/09\/Zawiadomienie-o-wplynieciu-odwolania-27.09.2023.T_podpis.pdf\">Zawiadomienie o wp\u0142yni\u0119ciu odwo\u0142ania 27.09.2023.T_podpis<\/a><p><\/center>\n\n<center><p><a href=\"https:\/\/konkurs.wmn.poznan.pl\/wp-content\/uploads\/2023\/09\/uzasadnienie_zarzuty_zadania.pdf\">Uzasadnienie_zarzuty_\u017c\u0105dania<\/a><p><\/center>\n\n<center><p><a href=\"https:\/\/konkurs.wmn.poznan.pl\/wp-content\/uploads\/2023\/09\/Potwierdzenie.pdf\">Potwierdzenie<\/a><p><\/center>\n\n<center><p><a href=\"https:\/\/konkurs.wmn.poznan.pl\/wp-content\/uploads\/2023\/09\/odpis_aktualny_122565_1681218623841.pdf\">Odpis_aktualny_122565_1681218623841<\/a><p><\/center>\n\n<center><p><a href=\"https:\/\/konkurs.wmn.poznan.pl\/wp-content\/uploads\/2023\/09\/kopia-odwolania-EPUAP.pdf\">Kopia odwo\u0142ania EPUAP<\/a><p><\/center>\n\n\n\n\n\n\n\n\n\n\n<figure class=\"wp-block-image size-full has-custom-border\"><img loading=\"lazy\" decoding=\"async\" width=\"2835\" height=\"474\" src=\"https:\/\/konkurs.wmn.poznan.pl\/wp-content\/uploads\/2023\/03\/logo_herb_poziom_iksww_kolor.png\" alt=\"\" class=\"wp-image-34\" style=\"border-style:none;border-width:0px;border-radius:3px\" srcset=\"https:\/\/konkurs.wmn.poznan.pl\/wp-content\/uploads\/2023\/03\/logo_herb_poziom_iksww_kolor.png 2835w, https:\/\/konkurs.wmn.poznan.pl\/wp-content\/uploads\/2023\/03\/logo_herb_poziom_iksww_kolor-300x50.png 300w, https:\/\/konkurs.wmn.poznan.pl\/wp-content\/uploads\/2023\/03\/logo_herb_poziom_iksww_kolor-1024x171.png 1024w, https:\/\/konkurs.wmn.poznan.pl\/wp-content\/uploads\/2023\/03\/logo_herb_poziom_iksww_kolor-768x128.png 768w, https:\/\/konkurs.wmn.poznan.pl\/wp-content\/uploads\/2023\/03\/logo_herb_poziom_iksww_kolor-1536x257.png 1536w, https:\/\/konkurs.wmn.poznan.pl\/wp-content\/uploads\/2023\/03\/logo_herb_poziom_iksww_kolor-2048x342.png 2048w\" sizes=\"auto, (max-width: 2835px) 100vw, 2835px\" \/><\/figure>\n","protected":false},"excerpt":{"rendered":"<p>The Contest for the artistic and spatial concept for the permanent exhibition of the new Museum of Wielkopolska Uprising 1918 &#8211; 1919 in Pozna\u0144 The English-language Terms and Conditions provide at the website are only informative material. In the event of any uncertainty, the Polish-language version is considered to be the binding version. Publication date: [&hellip;]<\/p>\n","protected":false},"author":1,"featured_media":0,"parent":0,"menu_order":0,"comment_status":"closed","ping_status":"closed","template":"","meta":{"footnotes":"","_links_to":"","_links_to_target":""},"class_list":["post-39","page","type-page","status-publish","hentry"],"_links":{"self":[{"href":"https:\/\/konkurs.wmn.poznan.pl\/index.php?rest_route=\/wp\/v2\/pages\/39","targetHints":{"allow":["GET"]}}],"collection":[{"href":"https:\/\/konkurs.wmn.poznan.pl\/index.php?rest_route=\/wp\/v2\/pages"}],"about":[{"href":"https:\/\/konkurs.wmn.poznan.pl\/index.php?rest_route=\/wp\/v2\/types\/page"}],"author":[{"embeddable":true,"href":"https:\/\/konkurs.wmn.poznan.pl\/index.php?rest_route=\/wp\/v2\/users\/1"}],"replies":[{"embeddable":true,"href":"https:\/\/konkurs.wmn.poznan.pl\/index.php?rest_route=%2Fwp%2Fv2%2Fcomments&post=39"}],"version-history":[{"count":49,"href":"https:\/\/konkurs.wmn.poznan.pl\/index.php?rest_route=\/wp\/v2\/pages\/39\/revisions"}],"predecessor-version":[{"id":319,"href":"https:\/\/konkurs.wmn.poznan.pl\/index.php?rest_route=\/wp\/v2\/pages\/39\/revisions\/319"}],"wp:attachment":[{"href":"https:\/\/konkurs.wmn.poznan.pl\/index.php?rest_route=%2Fwp%2Fv2%2Fmedia&parent=39"}],"curies":[{"name":"wp","href":"https:\/\/api.w.org\/{rel}","templated":true}]}}